{"id":1080,"date":"2024-03-21T03:32:07","date_gmt":"2024-03-21T03:32:07","guid":{"rendered":"https:\/\/collegedetaaone.pf\/?page_id=1080"},"modified":"2024-03-25T04:24:09","modified_gmt":"2024-03-25T04:24:09","slug":"contactez-nous","status":"publish","type":"page","link":"https:\/\/collegedetaaone.pf\/?page_id=1080","title":{"rendered":"Contactez-nous"},"content":{"rendered":"\n<figure class=\"wp-block-image size-full is-resized\"><img loading=\"lazy\" decoding=\"async\" width=\"180\" height=\"175\" src=\"https:\/\/collegedetaaone.pf\/wp-content\/uploads\/2024\/03\/Image2.png\" alt=\"\" class=\"wp-image-4\" style=\"width:97px;height:auto\"\/><\/figure>\n\n\n\n<p><strong>Coll\u00e8ge Taaone<\/strong> &#8211; rue le Bihan &#8211; entr\u00e9e par le lyc\u00e9e du Diad\u00e8me &#8211; <strong>PIRAE &#8211; TAHITI<\/strong><\/p>\n\n\n<div id=\"wp_osm_\" class=\"wp_osm\" style=\"width: 100%; height: 400px\" data-lon=\"-1982670\" data-lat=\"-16647800\" data-zoom=\"17\">\r\n\r\n\t<div class=\"ol-popup\">\r\n\r\n\t    <a href=\"#\" class=\"ol-popup-closer\"><\/a>\r\n\r\n\t    <div class=\"popup-content\"><\/div>\r\n\r\n\t<\/div>\r\n\r\n\t<div class=\"marker\" data-icon=\"https:\/\/collegedetaaone.pf\/wp-content\/plugins\/wp-open-street-map\/images\/markers\/warning.png\" data-lon=\"-16647800\" data-lat=\"-1982670\" data-name=\"Entr\u00e9e g\u00e9n\u00e9rale\" data-description=\"Entr\u00e9e g\u00e9n\u00e9rale\"><\/div><div class=\"marker\" data-icon=\"https:\/\/collegedetaaone.pf\/wp-content\/plugins\/wp-open-street-map\/images\/markers\/warning.png\" data-lon=\"-16647700\" data-lat=\"-1982740\" data-name=\"Entr\u00e9e du coll\u00e8ge\" data-description=\"Entr\u00e9e du coll\u00e8ge\"><\/div><div class=\"marker\" data-icon=\"https:\/\/collegedetaaone.pf\/wp-content\/plugins\/wp-open-street-map\/images\/markers\/marker.png\" data-lon=\"-16647600\" data-lat=\"-1982740\" data-name=\"Coll\u00e8ge Taaone\" data-description=\"Coll\u00e8ge Taaone\"><\/div>\r\n<\/div>\n\n\n\n<div class=\"wp-block-group is-vertical is-layout-flex wp-container-core-group-is-layout-8cf370e7 wp-block-group-is-layout-flex\">\n<p>Pour nous contacter, merci de compl\u00e9ter le formulaire ci-dessous ou d&rsquo;appeler le secr\u00e9tariat au <strong>40 50 16 00<\/strong>.<\/p>\n\n\n\n<div class=\"wpcf7 no-js\" id=\"wpcf7-f1079-o1\" lang=\"fr-FR\" dir=\"ltr\" data-wpcf7-id=\"1079\">\n<div class=\"screen-reader-response\"><p role=\"status\" aria-live=\"polite\" aria-atomic=\"true\"><\/p> <ul><\/ul><\/div>\n<form action=\"\/index.php?rest_route=%2Fwp%2Fv2%2Fpages%2F1080#wpcf7-f1079-o1\" method=\"post\" class=\"wpcf7-form init\" aria-label=\"Formulaire de contact\" novalidate=\"novalidate\" data-status=\"init\">\n<fieldset class=\"hidden-fields-container\"><input type=\"hidden\" name=\"_wpcf7\" value=\"1079\" \/><input type=\"hidden\" name=\"_wpcf7_version\" value=\"6.1.5\" \/><input type=\"hidden\" name=\"_wpcf7_locale\" value=\"fr_FR\" \/><input type=\"hidden\" name=\"_wpcf7_unit_tag\" value=\"wpcf7-f1079-o1\" \/><input type=\"hidden\" name=\"_wpcf7_container_post\" value=\"0\" \/><input type=\"hidden\" name=\"_wpcf7_posted_data_hash\" value=\"\" \/>\n<\/fieldset>\n<p><label> Votre nom<br \/>\n<span class=\"wpcf7-form-control-wrap\" data-name=\"your-name\"><input size=\"40\" maxlength=\"400\" class=\"wpcf7-form-control wpcf7-text wpcf7-validates-as-required\" autocomplete=\"name\" aria-required=\"true\" aria-invalid=\"false\" value=\"\" type=\"text\" name=\"your-name\" \/><\/span> <\/label>\n<\/p>\n<p><label> Votre adresse email<br \/>\n<span class=\"wpcf7-form-control-wrap\" data-name=\"your-email\"><input size=\"40\" maxlength=\"400\" class=\"wpcf7-form-control wpcf7-email wpcf7-validates-as-required wpcf7-text wpcf7-validates-as-email\" autocomplete=\"email\" aria-required=\"true\" aria-invalid=\"false\" value=\"\" type=\"email\" name=\"your-email\" \/><\/span> <\/label>\n<\/p>\n<p><label> Sujet<br \/>\n<span class=\"wpcf7-form-control-wrap\" data-name=\"your-subject\"><input size=\"40\" maxlength=\"400\" class=\"wpcf7-form-control wpcf7-text wpcf7-validates-as-required\" aria-required=\"true\" aria-invalid=\"false\" value=\"\" type=\"text\" name=\"your-subject\" \/><\/span> <\/label>\n<\/p>\n<p><label> Votre message<br \/>\n<span class=\"wpcf7-form-control-wrap\" data-name=\"your-message\"><textarea cols=\"40\" rows=\"10\" maxlength=\"2000\" class=\"wpcf7-form-control wpcf7-textarea\" aria-invalid=\"false\" name=\"your-message\"><\/textarea><\/span> <\/label>\n<\/p>\n<p><input class=\"wpcf7-form-control wpcf7-submit has-spinner\" type=\"submit\" value=\"Envoyer\" \/>\n<\/p><p style=\"display: none !important;\" class=\"akismet-fields-container\" data-prefix=\"_wpcf7_ak_\"><label>&#916;<textarea name=\"_wpcf7_ak_hp_textarea\" cols=\"45\" rows=\"8\" maxlength=\"100\"><\/textarea><\/label><input type=\"hidden\" id=\"ak_js_1\" name=\"_wpcf7_ak_js\" value=\"183\"\/><script type=\"text\/javascript\">\n\/* <![CDATA[ *\/\ndocument.getElementById( \"ak_js_1\" ).setAttribute( \"value\", ( new Date() ).getTime() );\n\/* ]]> *\/\n<\/script>\n<\/p><div class=\"wpcf7-response-output\" aria-hidden=\"true\"><\/div>\n<\/form>\n<\/div>\n\n<\/div>\n\n\n\n<p><\/p>\n","protected":false},"excerpt":{"rendered":"<p>Coll\u00e8ge Taaone &#8211; rue le Bihan &#8211; entr\u00e9e par le lyc\u00e9e du Diad\u00e8me &#8211; PIRAE &#8211; TAHITI Pour nous contacter, merci de compl\u00e9ter le formulaire ci-dessous ou d&rsquo;appeler le secr\u00e9tariat au 40 50 16 00.<\/p>\n","protected":false},"author":1,"featured_media":0,"parent":0,"menu_order":0,"comment_status":"closed","ping_status":"closed","template":"","meta":{"iawp_total_views":1881,"footnotes":""},"class_list":["post-1080","page","type-page","status-publish","hentry"],"_links":{"self":[{"href":"https:\/\/collegedetaaone.pf\/index.php?rest_route=\/wp\/v2\/pages\/1080","targetHints":{"allow":["GET"]}}],"collection":[{"href":"https:\/\/collegedetaaone.pf\/index.php?rest_route=\/wp\/v2\/pages"}],"about":[{"href":"https:\/\/collegedetaaone.pf\/index.php?rest_route=\/wp\/v2\/types\/page"}],"author":[{"embeddable":true,"href":"https:\/\/collegedetaaone.pf\/index.php?rest_route=\/wp\/v2\/users\/1"}],"replies":[{"embeddable":true,"href":"https:\/\/collegedetaaone.pf\/index.php?rest_route=%2Fwp%2Fv2%2Fcomments&post=1080"}],"version-history":[{"count":12,"href":"https:\/\/collegedetaaone.pf\/index.php?rest_route=\/wp\/v2\/pages\/1080\/revisions"}],"predecessor-version":[{"id":1186,"href":"https:\/\/collegedetaaone.pf\/index.php?rest_route=\/wp\/v2\/pages\/1080\/revisions\/1186"}],"wp:attachment":[{"href":"https:\/\/collegedetaaone.pf\/index.php?rest_route=%2Fwp%2Fv2%2Fmedia&parent=1080"}],"curies":[{"name":"wp","href":"https:\/\/api.w.org\/{rel}","templated":true}]}}