{"id":1087,"date":"2024-03-21T20:52:33","date_gmt":"2024-03-21T20:52:33","guid":{"rendered":"https:\/\/collegedetaaone.pf\/?page_id=1087"},"modified":"2024-03-25T16:28:31","modified_gmt":"2024-03-26T02:28:31","slug":"les-associations","status":"publish","type":"page","link":"https:\/\/collegedetaaone.pf\/?page_id=1087","title":{"rendered":"Les associations"},"content":{"rendered":"\n<p>Le coll\u00e8ge Taaone fonctionne avec plusieurs associations :<\/p>\n\n\n\n<ul class=\"wp-block-list\">\n<li><a href=\"https:\/\/collegedetaaone.pf\/?page_id=2\" data-type=\"page\" data-id=\"2\">L&rsquo;association sportive (AS)<\/a><\/li>\n\n\n\n<li><a href=\"https:\/\/collegedetaaone.pf\/?page_id=1089\" data-type=\"page\" data-id=\"1089\">La coop\u00e9rative<\/a><\/li>\n\n\n\n<li><a href=\"https:\/\/collegedetaaone.pf\/?page_id=1091\" data-type=\"page\" data-id=\"1091\">L&rsquo;association des parents d&rsquo;\u00e9l\u00e8ves (APE)<\/a><\/li>\n\n\n\n<li><a href=\"https:\/\/collegedetaaone.pf\/?page_id=1097\" data-type=\"page\" data-id=\"1097\">L&rsquo;association Pare Taofe<\/a><\/li>\n<\/ul>\n\n\n\n<p><\/p>\n","protected":false},"excerpt":{"rendered":"<p>Le coll\u00e8ge Taaone fonctionne avec plusieurs associations : L&rsquo;association sportive (AS) La coop\u00e9rative L&rsquo;association des parents d&rsquo;\u00e9l\u00e8ves (APE) L&rsquo;association Pare Taofe<\/p>\n","protected":false},"author":1,"featured_media":0,"parent":0,"menu_order":0,"comment_status":"closed","ping_status":"closed","template":"","meta":{"iawp_total_views":85,"footnotes":""},"class_list":["post-1087","page","type-page","status-publish","hentry"],"_links":{"self":[{"href":"https:\/\/collegedetaaone.pf\/index.php?rest_route=\/wp\/v2\/pages\/1087","targetHints":{"allow":["GET"]}}],"collection":[{"href":"https:\/\/collegedetaaone.pf\/index.php?rest_route=\/wp\/v2\/pages"}],"about":[{"href":"https:\/\/collegedetaaone.pf\/index.php?rest_route=\/wp\/v2\/types\/page"}],"author":[{"embeddable":true,"href":"https:\/\/collegedetaaone.pf\/index.php?rest_route=\/wp\/v2\/users\/1"}],"replies":[{"embeddable":true,"href":"https:\/\/collegedetaaone.pf\/index.php?rest_route=%2Fwp%2Fv2%2Fcomments&post=1087"}],"version-history":[{"count":4,"href":"https:\/\/collegedetaaone.pf\/index.php?rest_route=\/wp\/v2\/pages\/1087\/revisions"}],"predecessor-version":[{"id":1228,"href":"https:\/\/collegedetaaone.pf\/index.php?rest_route=\/wp\/v2\/pages\/1087\/revisions\/1228"}],"wp:attachment":[{"href":"https:\/\/collegedetaaone.pf\/index.php?rest_route=%2Fwp%2Fv2%2Fmedia&parent=1087"}],"curies":[{"name":"wp","href":"https:\/\/api.w.org\/{rel}","templated":true}]}}