{"id":1091,"date":"2024-03-21T21:06:12","date_gmt":"2024-03-21T21:06:12","guid":{"rendered":"https:\/\/collegedetaaone.pf\/?page_id=1091"},"modified":"2024-03-26T09:38:25","modified_gmt":"2024-03-26T19:38:25","slug":"lassociation-des-parents-deleves-ape","status":"publish","type":"page","link":"https:\/\/collegedetaaone.pf\/?page_id=1091","title":{"rendered":"L&rsquo;association des parents d&rsquo;\u00e9l\u00e8ves (APE)"},"content":{"rendered":"\n<p>L&rsquo;association des parents d&rsquo;\u00e9l\u00e8ves (APE) est une association \u00e0 but non lucratif constitu\u00e9e au sein du coll\u00e8ge dans laquelle les parents peuvent aider \u00e0 am\u00e9liorer le quotidien de nos \u00e9l\u00e8ves.<\/p>\n\n\n\n<blockquote class=\"wp-block-quote is-layout-flow wp-block-quote-is-layout-flow\">\n<p>Qui peut \u00eatre membre de l&rsquo;APE ?<\/p>\n<\/blockquote>\n\n\n\n<p>Tout parent d&rsquo;\u00e9l\u00e8ves peut adh\u00e9rer \u00e0 l&rsquo;APE pour l&rsquo;ann\u00e9e scolaire et se proposer pour faire partie du bureau de l&rsquo;association.<\/p>\n\n\n\n<blockquote class=\"wp-block-quote is-layout-flow wp-block-quote-is-layout-flow\">\n<p>Quel est le r\u00f4le de l&rsquo;APE ?<\/p>\n<\/blockquote>\n\n\n\n<p>Les membres du bureau de l&rsquo;APE sont des partenaires incontournables du coll\u00e8ge car ils constituent un relais entre l&rsquo;\u00e9tablissement et l&rsquo;ensemble des parents d&rsquo;\u00e9l\u00e8ves. Ils si\u00e8gent par ailleurs aux diff\u00e9rentes instances de l&rsquo;\u00e9tablissement (conseil d&rsquo;\u00e9tablissement, commission de fonds social, etc.) et participent activement aux conseils des classes du coll\u00e8ge.<\/p>\n\n\n\n<p>Comme pour le coll\u00e8ge, l&rsquo;objectif de l&rsquo;APE est l&rsquo;\u00e9panouissement de nos \u00e9l\u00e8ves et le bon fonctionnement de l&rsquo;\u00e9tablissement. Les membres du bureau sont donc force de propositions, cofinancent certaines acquisitions ou actions au profit des \u00e9l\u00e8ves (fontaine \u00e0 eau, collation pour le DNB, etc.) et peuvent \u00e9galement participer \u00e0 l&rsquo;aide dans l&rsquo;organisation de certains \u00e9v\u00e9nements.<\/p>\n\n\n\n<p><\/p>\n","protected":false},"excerpt":{"rendered":"<p>L&rsquo;association des parents d&rsquo;\u00e9l\u00e8ves (APE) est une association \u00e0 but non lucratif constitu\u00e9e au sein du coll\u00e8ge dans laquelle les parents peuvent aider \u00e0 am\u00e9liorer le quotidien de nos \u00e9l\u00e8ves. Qui peut \u00eatre membre de l&rsquo;APE ? Tout parent d&rsquo;\u00e9l\u00e8ves peut adh\u00e9rer \u00e0 l&rsquo;APE pour l&rsquo;ann\u00e9e scolaire et se proposer pour faire partie du bureau &hellip;<\/p>\n","protected":false},"author":1,"featured_media":0,"parent":1087,"menu_order":4,"comment_status":"closed","ping_status":"closed","template":"","meta":{"iawp_total_views":80,"footnotes":""},"class_list":["post-1091","page","type-page","status-publish","hentry"],"_links":{"self":[{"href":"https:\/\/collegedetaaone.pf\/index.php?rest_route=\/wp\/v2\/pages\/1091","targetHints":{"allow":["GET"]}}],"collection":[{"href":"https:\/\/collegedetaaone.pf\/index.php?rest_route=\/wp\/v2\/pages"}],"about":[{"href":"https:\/\/collegedetaaone.pf\/index.php?rest_route=\/wp\/v2\/types\/page"}],"author":[{"embeddable":true,"href":"https:\/\/collegedetaaone.pf\/index.php?rest_route=\/wp\/v2\/users\/1"}],"replies":[{"embeddable":true,"href":"https:\/\/collegedetaaone.pf\/index.php?rest_route=%2Fwp%2Fv2%2Fcomments&post=1091"}],"version-history":[{"count":2,"href":"https:\/\/collegedetaaone.pf\/index.php?rest_route=\/wp\/v2\/pages\/1091\/revisions"}],"predecessor-version":[{"id":1271,"href":"https:\/\/collegedetaaone.pf\/index.php?rest_route=\/wp\/v2\/pages\/1091\/revisions\/1271"}],"up":[{"embeddable":true,"href":"https:\/\/collegedetaaone.pf\/index.php?rest_route=\/wp\/v2\/pages\/1087"}],"wp:attachment":[{"href":"https:\/\/collegedetaaone.pf\/index.php?rest_route=%2Fwp%2Fv2%2Fmedia&parent=1091"}],"curies":[{"name":"wp","href":"https:\/\/api.w.org\/{rel}","templated":true}]}}