{"id":1097,"date":"2024-03-21T21:57:08","date_gmt":"2024-03-21T21:57:08","guid":{"rendered":"https:\/\/collegedetaaone.pf\/?page_id=1097"},"modified":"2024-03-25T16:25:02","modified_gmt":"2024-03-26T02:25:02","slug":"lassociation-pare-taofe","status":"publish","type":"page","link":"https:\/\/collegedetaaone.pf\/?page_id=1097","title":{"rendered":"L&rsquo;association Pare Taofe"},"content":{"rendered":"\n<p>L&rsquo;association Pare Taofe est une association \u00e0 but non lucratif et g\u00e8re la caf\u00e9t\u00e9ria du coll\u00e8ge.<\/p>\n\n\n\n<p>Actuellement en sommeil, la caf\u00e9t\u00e9ria propose la vente de collations aux \u00e9l\u00e8ves. En lien avec le service de sant\u00e9, les propositions sont encadr\u00e9es par la charte de l&rsquo;alimentation en \u00e9tablissement scolaire.<\/p>\n\n\n\n<p>L&rsquo;association Pare Taofe permet d&rsquo;aider l&rsquo;\u00e9tablissement \u00e0 :<\/p>\n\n\n\n<ul class=\"wp-block-list\">\n<li>financer des actions pour les \u00e9l\u00e8ves,<\/li>\n\n\n\n<li>valoriser les \u00e9l\u00e8ves \u00e0 travers l&rsquo;achat de r\u00e9compenses pour les diff\u00e9rents concours organis\u00e9s. <\/li>\n<\/ul>\n","protected":false},"excerpt":{"rendered":"<p>L&rsquo;association Pare Taofe est une association \u00e0 but non lucratif et g\u00e8re la caf\u00e9t\u00e9ria du coll\u00e8ge. Actuellement en sommeil, la caf\u00e9t\u00e9ria propose la vente de collations aux \u00e9l\u00e8ves. En lien avec le service de sant\u00e9, les propositions sont encadr\u00e9es par la charte de l&rsquo;alimentation en \u00e9tablissement scolaire. L&rsquo;association Pare Taofe permet d&rsquo;aider l&rsquo;\u00e9tablissement \u00e0 : &hellip;<\/p>\n","protected":false},"author":1,"featured_media":0,"parent":1087,"menu_order":3,"comment_status":"closed","ping_status":"closed","template":"","meta":{"iawp_total_views":73,"footnotes":""},"class_list":["post-1097","page","type-page","status-publish","hentry"],"_links":{"self":[{"href":"https:\/\/collegedetaaone.pf\/index.php?rest_route=\/wp\/v2\/pages\/1097","targetHints":{"allow":["GET"]}}],"collection":[{"href":"https:\/\/collegedetaaone.pf\/index.php?rest_route=\/wp\/v2\/pages"}],"about":[{"href":"https:\/\/collegedetaaone.pf\/index.php?rest_route=\/wp\/v2\/types\/page"}],"author":[{"embeddable":true,"href":"https:\/\/collegedetaaone.pf\/index.php?rest_route=\/wp\/v2\/users\/1"}],"replies":[{"embeddable":true,"href":"https:\/\/collegedetaaone.pf\/index.php?rest_route=%2Fwp%2Fv2%2Fcomments&post=1097"}],"version-history":[{"count":1,"href":"https:\/\/collegedetaaone.pf\/index.php?rest_route=\/wp\/v2\/pages\/1097\/revisions"}],"predecessor-version":[{"id":1098,"href":"https:\/\/collegedetaaone.pf\/index.php?rest_route=\/wp\/v2\/pages\/1097\/revisions\/1098"}],"up":[{"embeddable":true,"href":"https:\/\/collegedetaaone.pf\/index.php?rest_route=\/wp\/v2\/pages\/1087"}],"wp:attachment":[{"href":"https:\/\/collegedetaaone.pf\/index.php?rest_route=%2Fwp%2Fv2%2Fmedia&parent=1097"}],"curies":[{"name":"wp","href":"https:\/\/api.w.org\/{rel}","templated":true}]}}