{"id":1133,"date":"2024-03-21T23:58:04","date_gmt":"2024-03-21T23:58:04","guid":{"rendered":"https:\/\/collegedetaaone.pf\/?page_id=1133"},"modified":"2024-03-25T16:20:22","modified_gmt":"2024-03-26T02:20:22","slug":"le-college","status":"publish","type":"page","link":"https:\/\/collegedetaaone.pf\/?page_id=1133","title":{"rendered":"Le coll\u00e8ge"},"content":{"rendered":"\n<p>Vous trouverez ci-dessous diff\u00e9rentes rubriques pour pr\u00e9senter le coll\u00e8ge Taaone, sa carte des parcours et options ainsi que les textes qui r\u00e9gissent son fonctionnement :<\/p>\n\n\n\n<ul class=\"wp-block-list\">\n<li><a href=\"https:\/\/collegedetaaone.pf\/?page_id=1136\" data-type=\"page\" data-id=\"1136\">pr\u00e9sentation du coll\u00e8ge<\/a><\/li>\n\n\n\n<li><a href=\"https:\/\/collegedetaaone.pf\/?page_id=1138\" data-type=\"page\" data-id=\"1138\">carte des parcours et options<\/a><\/li>\n\n\n\n<li><a href=\"https:\/\/collegedetaaone.pf\/?page_id=1103\" data-type=\"page\" data-id=\"1103\">les textes du coll\u00e8ge<\/a><\/li>\n\n\n\n<li><a href=\"https:\/\/collegedetaaone.pf\/?page_id=1142\" data-type=\"page\" data-id=\"1142\">rejoindre le coll\u00e8ge<\/a><\/li>\n<\/ul>\n\n\n\n<p><\/p>\n","protected":false},"excerpt":{"rendered":"<p>Vous trouverez ci-dessous diff\u00e9rentes rubriques pour pr\u00e9senter le coll\u00e8ge Taaone, sa carte des parcours et options ainsi que les textes qui r\u00e9gissent son fonctionnement : pr\u00e9sentation du coll\u00e8ge carte des parcours et options les textes du coll\u00e8ge rejoindre le coll\u00e8ge<\/p>\n","protected":false},"author":1,"featured_media":1204,"parent":0,"menu_order":0,"comment_status":"closed","ping_status":"closed","template":"","meta":{"iawp_total_views":607,"footnotes":""},"class_list":["post-1133","page","type-page","status-publish","has-post-thumbnail","hentry"],"_links":{"self":[{"href":"https:\/\/collegedetaaone.pf\/index.php?rest_route=\/wp\/v2\/pages\/1133","targetHints":{"allow":["GET"]}}],"collection":[{"href":"https:\/\/collegedetaaone.pf\/index.php?rest_route=\/wp\/v2\/pages"}],"about":[{"href":"https:\/\/collegedetaaone.pf\/index.php?rest_route=\/wp\/v2\/types\/page"}],"author":[{"embeddable":true,"href":"https:\/\/collegedetaaone.pf\/index.php?rest_route=\/wp\/v2\/users\/1"}],"replies":[{"embeddable":true,"href":"https:\/\/collegedetaaone.pf\/index.php?rest_route=%2Fwp%2Fv2%2Fcomments&post=1133"}],"version-history":[{"count":2,"href":"https:\/\/collegedetaaone.pf\/index.php?rest_route=\/wp\/v2\/pages\/1133\/revisions"}],"predecessor-version":[{"id":1226,"href":"https:\/\/collegedetaaone.pf\/index.php?rest_route=\/wp\/v2\/pages\/1133\/revisions\/1226"}],"wp:featuredmedia":[{"embeddable":true,"href":"https:\/\/collegedetaaone.pf\/index.php?rest_route=\/wp\/v2\/media\/1204"}],"wp:attachment":[{"href":"https:\/\/collegedetaaone.pf\/index.php?rest_route=%2Fwp%2Fv2%2Fmedia&parent=1133"}],"curies":[{"name":"wp","href":"https:\/\/api.w.org\/{rel}","templated":true}]}}