{"id":1138,"date":"2024-03-22T00:00:59","date_gmt":"2024-03-22T00:00:59","guid":{"rendered":"https:\/\/collegedetaaone.pf\/?page_id=1138"},"modified":"2024-03-25T16:26:57","modified_gmt":"2024-03-26T02:26:57","slug":"loffre-doptions","status":"publish","type":"page","link":"https:\/\/collegedetaaone.pf\/?page_id=1138","title":{"rendered":"Carte des parcours et options"},"content":{"rendered":"\n<p>Le coll\u00e8ge Taaone offre un certain nombre d&rsquo;options aux \u00e9l\u00e8ves, d\u00e8s la 6e. <strong>Attention toutefois, toutes les options ne sont pas compatibles entre elles.<\/strong> Merci de consulter la carte des formations en t\u00e9l\u00e9chargement ci-dessous :<\/p>\n\n\n<div class='w3eden'><!-- WPDM Link Template: Default Template -->\n\n<div class=\"link-template-default card mb-2\">\n    <div class=\"card-body\">\n        <div class=\"media\">\n            <div class=\"mr-3 img-48\"><img decoding=\"async\" class=\"wpdm_icon\" alt=\"Ic\u00f4ne\" src=\"https:\/\/collegedetaaone.pf\/wp-content\/plugins\/download-manager\/assets\/file-type-icons\/pdf.svg\" \/><\/div>\n            <div class=\"media-body\">\n                <h3 class=\"package-title\"><a href='https:\/\/collegedetaaone.pf\/?wpdmpro=carte-des-parcours-et-options'>Carte des parcours et options<\/a><\/h3>\n                <div class=\"text-muted text-small\"><i class=\"fas fa-copy\"><\/i> 1 fichier\u00b7s <i class=\"fas fa-hdd ml-3\"><\/i> 236.47 KB<\/div>\n            <\/div>\n            <div class=\"ml-3\">\n                <a class='wpdm-download-link download-on-click btn btn-primary ' rel='nofollow' href='#' data-downloadurl=\"https:\/\/collegedetaaone.pf\/?wpdmpro=carte-des-parcours-et-options&wpdmdl=1210&refresh=69f324eec3eaa1777542382\">T\u00e9l\u00e9charger<\/a>\n            <\/div>\n        <\/div>\n    <\/div>\n<\/div>\n\n<\/div>\n\n\n\n<p><strong>A partir de la 6e et jusqu&rsquo;en 3e:<\/strong><\/p>\n\n\n\n<ul class=\"wp-block-list\">\n<li>Parcours langue : bilangue anglais-<strong>espagnol<\/strong> <\/li>\n\n\n\n<li>Parcours langue : bilangue anglais-<strong>tahitien<\/strong><\/li>\n\n\n\n<li>Parcours sportif : section d&rsquo;excellence sportive <strong>football<\/strong><\/li>\n\n\n\n<li>Parcours sportif : section scolaire <strong>judo<\/strong><\/li>\n<\/ul>\n\n\n\n<p><strong>A partir de la 5e et jusqu&rsquo;en 3e :<\/strong><\/p>\n\n\n\n<ul class=\"wp-block-list\">\n<li>option <strong>arts traditionnels<\/strong> : ouverte \u00e0 tous les \u00e9l\u00e8ves hors parcours langue ou parcours sportif<\/li>\n\n\n\n<li>option <strong>latin<\/strong> : ouverts \u00e0 tous les \u00e9l\u00e8ves hors parcours sportif<\/li>\n\n\n\n<li>option <strong>LV3<\/strong> : ouverts \u00e0 tous les \u00e9l\u00e8ves de parcours langue<\/li>\n<\/ul>\n\n\n\n<p><strong>A partir de la 3e :<\/strong><\/p>\n\n\n\n<ul class=\"wp-block-list\">\n<li>Classe <strong>d\u00e9fense <\/strong>: ouverte \u00e0 tous les \u00e9l\u00e8ves qui n&rsquo;ont pas d&rsquo;option<\/li>\n\n\n\n<li>Classe <strong>3e pr\u00e9pa-m\u00e9tiers<\/strong> : ouverte \u00e0 tous les \u00e9l\u00e8ves <\/li>\n<\/ul>\n","protected":false},"excerpt":{"rendered":"<p>Le coll\u00e8ge Taaone offre un certain nombre d&rsquo;options aux \u00e9l\u00e8ves, d\u00e8s la 6e. Attention toutefois, toutes les options ne sont pas compatibles entre elles. Merci de consulter la carte des formations en t\u00e9l\u00e9chargement ci-dessous : A partir de la 6e et jusqu&rsquo;en 3e: Parcours langue : bilangue anglais-espagnol Parcours langue : bilangue anglais-tahitien Parcours sportif &hellip;<\/p>\n","protected":false},"author":1,"featured_media":1214,"parent":1133,"menu_order":2,"comment_status":"closed","ping_status":"closed","template":"","meta":{"iawp_total_views":659,"footnotes":""},"class_list":["post-1138","page","type-page","status-publish","has-post-thumbnail","hentry"],"_links":{"self":[{"href":"https:\/\/collegedetaaone.pf\/index.php?rest_route=\/wp\/v2\/pages\/1138","targetHints":{"allow":["GET"]}}],"collection":[{"href":"https:\/\/collegedetaaone.pf\/index.php?rest_route=\/wp\/v2\/pages"}],"about":[{"href":"https:\/\/collegedetaaone.pf\/index.php?rest_route=\/wp\/v2\/types\/page"}],"author":[{"embeddable":true,"href":"https:\/\/collegedetaaone.pf\/index.php?rest_route=\/wp\/v2\/users\/1"}],"replies":[{"embeddable":true,"href":"https:\/\/collegedetaaone.pf\/index.php?rest_route=%2Fwp%2Fv2%2Fcomments&post=1138"}],"version-history":[{"count":8,"href":"https:\/\/collegedetaaone.pf\/index.php?rest_route=\/wp\/v2\/pages\/1138\/revisions"}],"predecessor-version":[{"id":1219,"href":"https:\/\/collegedetaaone.pf\/index.php?rest_route=\/wp\/v2\/pages\/1138\/revisions\/1219"}],"up":[{"embeddable":true,"href":"https:\/\/collegedetaaone.pf\/index.php?rest_route=\/wp\/v2\/pages\/1133"}],"wp:featuredmedia":[{"embeddable":true,"href":"https:\/\/collegedetaaone.pf\/index.php?rest_route=\/wp\/v2\/media\/1214"}],"wp:attachment":[{"href":"https:\/\/collegedetaaone.pf\/index.php?rest_route=%2Fwp%2Fv2%2Fmedia&parent=1138"}],"curies":[{"name":"wp","href":"https:\/\/api.w.org\/{rel}","templated":true}]}}