{"id":1142,"date":"2024-03-22T00:05:02","date_gmt":"2024-03-22T00:05:02","guid":{"rendered":"https:\/\/collegedetaaone.pf\/?page_id=1142"},"modified":"2025-05-13T08:15:44","modified_gmt":"2025-05-13T18:15:44","slug":"rejoindre-le-college","status":"publish","type":"page","link":"https:\/\/collegedetaaone.pf\/?page_id=1142","title":{"rendered":"Rejoindre le coll\u00e8ge"},"content":{"rendered":"\n<p>Pour rejoindre notre \u00e9tablissement, la Direction G\u00e9n\u00e9rale de l&rsquo;Education et des Enseignements (DGEE) doit d&rsquo;abord donner son accord \u00e0 une inscription. Pour cela, deux proc\u00e9dures selon votre situation :<\/p>\n\n\n\n<ul class=\"wp-block-list\">\n<li>Votre enfant est scolaris\u00e9 dans un \u00e9tablissement <strong>hors Polyn\u00e9sie fran\u00e7aise :<\/strong> il convient de prendre contact avec le D\u00e9partement de l&rsquo;Orientation et de l&rsquo;Insertion (<em><a href=\"mailto:sec_doi@education.pf\" target=\"_blank\" rel=\"noreferrer noopener\">sec_doi@education.pf<\/a><\/em>) de la DGEE pour lui fournir tous les documents n\u00e9cessaires. Vous \u00eates invit\u00e9s \u00e0 nous contacter en parall\u00e8le pour que nous puissions prendre en compte votre arriv\u00e9e, en nous faisant parvenir nom, pr\u00e9nom, classe et options actuelles de votre enfant ainsi que ses derniers bulletins scolaires.<\/li>\n<\/ul>\n\n\n\n<p><\/p>\n\n\n\n<ul class=\"wp-block-list\">\n<li>Votre enfant est scolaris\u00e9 dans un \u00e9tablissement <strong>en Polyn\u00e9sie fran\u00e7aise<\/strong> <strong>:<\/strong> il convient de s&rsquo;adresser au secr\u00e9tariat de votre \u00e9tablissement pour remplir une demande de changement de coll\u00e8ge.<\/li>\n<\/ul>\n\n\n\n<p>D\u00e8s lors que l&rsquo;inscription est autoris\u00e9e par la DGEE, il vous est conseill\u00e9 de prendre contact avec notre secr\u00e9tariat pour retirer le dossier d&rsquo;inscription que vous trouverez sur la page suivante : <strong><a href=\"https:\/\/collegedetaaone.pf\/?p=1521\" data-type=\"link\" data-id=\"https:\/\/collegedetaaone.pf\/?p=1521\">Documents d\u2019inscription pour la rentr\u00e9e 2025<\/a><\/strong><\/p>\n","protected":false},"excerpt":{"rendered":"<p>Pour rejoindre notre \u00e9tablissement, la Direction G\u00e9n\u00e9rale de l&rsquo;Education et des Enseignements (DGEE) doit d&rsquo;abord donner son accord \u00e0 une inscription. Pour cela, deux proc\u00e9dures selon votre situation : Votre enfant est scolaris\u00e9 dans un \u00e9tablissement hors Polyn\u00e9sie fran\u00e7aise : il convient de prendre contact avec le D\u00e9partement de l&rsquo;Orientation et de l&rsquo;Insertion (sec_doi@education.pf) de &hellip;<\/p>\n","protected":false},"author":1,"featured_media":1204,"parent":1133,"menu_order":4,"comment_status":"closed","ping_status":"closed","template":"","meta":{"iawp_total_views":543,"footnotes":""},"class_list":["post-1142","page","type-page","status-publish","has-post-thumbnail","hentry"],"_links":{"self":[{"href":"https:\/\/collegedetaaone.pf\/index.php?rest_route=\/wp\/v2\/pages\/1142","targetHints":{"allow":["GET"]}}],"collection":[{"href":"https:\/\/collegedetaaone.pf\/index.php?rest_route=\/wp\/v2\/pages"}],"about":[{"href":"https:\/\/collegedetaaone.pf\/index.php?rest_route=\/wp\/v2\/types\/page"}],"author":[{"embeddable":true,"href":"https:\/\/collegedetaaone.pf\/index.php?rest_route=\/wp\/v2\/users\/1"}],"replies":[{"embeddable":true,"href":"https:\/\/collegedetaaone.pf\/index.php?rest_route=%2Fwp%2Fv2%2Fcomments&post=1142"}],"version-history":[{"count":8,"href":"https:\/\/collegedetaaone.pf\/index.php?rest_route=\/wp\/v2\/pages\/1142\/revisions"}],"predecessor-version":[{"id":1533,"href":"https:\/\/collegedetaaone.pf\/index.php?rest_route=\/wp\/v2\/pages\/1142\/revisions\/1533"}],"up":[{"embeddable":true,"href":"https:\/\/collegedetaaone.pf\/index.php?rest_route=\/wp\/v2\/pages\/1133"}],"wp:featuredmedia":[{"embeddable":true,"href":"https:\/\/collegedetaaone.pf\/index.php?rest_route=\/wp\/v2\/media\/1204"}],"wp:attachment":[{"href":"https:\/\/collegedetaaone.pf\/index.php?rest_route=%2Fwp%2Fv2%2Fmedia&parent=1142"}],"curies":[{"name":"wp","href":"https:\/\/api.w.org\/{rel}","templated":true}]}}