{"id":1240,"date":"2024-03-25T17:32:45","date_gmt":"2024-03-26T03:32:45","guid":{"rendered":"https:\/\/collegedetaaone.pf\/?page_id=1240"},"modified":"2024-03-25T17:36:31","modified_gmt":"2024-03-26T03:36:31","slug":"lorientation","status":"publish","type":"page","link":"https:\/\/collegedetaaone.pf\/?page_id=1240","title":{"rendered":"L&rsquo;orientation"},"content":{"rendered":"\n<p>Pr\u00e9parer nos \u00e9l\u00e8ves \u00e0 une <strong>orientation choisie <\/strong>\u00e0 l&rsquo;issue de la 3e est l&rsquo;objectif du coll\u00e8ge Taaone. Si cette orientation se pr\u00e9pare tout au long des quatre ann\u00e9es dans l&rsquo;\u00e9tablissement, l&rsquo;ann\u00e9e de 3e est \u00e9videmment d\u00e9terminante et ponctu\u00e9e de temps forts :<\/p>\n\n\n\n<figure class=\"wp-block-image size-large\"><img loading=\"lazy\" decoding=\"async\" width=\"348\" height=\"1024\" src=\"https:\/\/collegedetaaone.pf\/wp-content\/uploads\/2024\/03\/infographie-orientation-348x1024.jpg\" alt=\"\" class=\"wp-image-1241\" srcset=\"https:\/\/collegedetaaone.pf\/wp-content\/uploads\/2024\/03\/infographie-orientation-348x1024.jpg 348w, https:\/\/collegedetaaone.pf\/wp-content\/uploads\/2024\/03\/infographie-orientation-102x300.jpg 102w, https:\/\/collegedetaaone.pf\/wp-content\/uploads\/2024\/03\/infographie-orientation-697x2048.jpg 697w, https:\/\/collegedetaaone.pf\/wp-content\/uploads\/2024\/03\/infographie-orientation.jpg 720w\" sizes=\"auto, (max-width: 348px) 100vw, 348px\" \/><\/figure>\n","protected":false},"excerpt":{"rendered":"<p>Pr\u00e9parer nos \u00e9l\u00e8ves \u00e0 une orientation choisie \u00e0 l&rsquo;issue de la 3e est l&rsquo;objectif du coll\u00e8ge Taaone. Si cette orientation se pr\u00e9pare tout au long des quatre ann\u00e9es dans l&rsquo;\u00e9tablissement, l&rsquo;ann\u00e9e de 3e est \u00e9videmment d\u00e9terminante et ponctu\u00e9e de temps forts :<\/p>\n","protected":false},"author":1,"featured_media":0,"parent":0,"menu_order":0,"comment_status":"closed","ping_status":"closed","template":"","meta":{"iawp_total_views":127,"footnotes":""},"class_list":["post-1240","page","type-page","status-publish","hentry"],"_links":{"self":[{"href":"https:\/\/collegedetaaone.pf\/index.php?rest_route=\/wp\/v2\/pages\/1240","targetHints":{"allow":["GET"]}}],"collection":[{"href":"https:\/\/collegedetaaone.pf\/index.php?rest_route=\/wp\/v2\/pages"}],"about":[{"href":"https:\/\/collegedetaaone.pf\/index.php?rest_route=\/wp\/v2\/types\/page"}],"author":[{"embeddable":true,"href":"https:\/\/collegedetaaone.pf\/index.php?rest_route=\/wp\/v2\/users\/1"}],"replies":[{"embeddable":true,"href":"https:\/\/collegedetaaone.pf\/index.php?rest_route=%2Fwp%2Fv2%2Fcomments&post=1240"}],"version-history":[{"count":3,"href":"https:\/\/collegedetaaone.pf\/index.php?rest_route=\/wp\/v2\/pages\/1240\/revisions"}],"predecessor-version":[{"id":1247,"href":"https:\/\/collegedetaaone.pf\/index.php?rest_route=\/wp\/v2\/pages\/1240\/revisions\/1247"}],"wp:attachment":[{"href":"https:\/\/collegedetaaone.pf\/index.php?rest_route=%2Fwp%2Fv2%2Fmedia&parent=1240"}],"curies":[{"name":"wp","href":"https:\/\/api.w.org\/{rel}","templated":true}]}}