{"id":1248,"date":"2024-03-25T17:43:33","date_gmt":"2024-03-26T03:43:33","guid":{"rendered":"https:\/\/collegedetaaone.pf\/?page_id=1248"},"modified":"2024-03-27T05:38:37","modified_gmt":"2024-03-27T15:38:37","slug":"les-voies-dorientation","status":"publish","type":"page","link":"https:\/\/collegedetaaone.pf\/?page_id=1248","title":{"rendered":"Les voies d&rsquo;orientation"},"content":{"rendered":"\n<p>La 3e constitue un palier d\u2019orientation \u00e0 l\u2019issue duquel les voies peuvent \u00eatre sch\u00e9matis\u00e9es dans l\u2019illustration ci-dessous :<\/p>\n\n\n\n<figure data-wp-context=\"{&quot;imageId&quot;:&quot;69f30d6386b68&quot;}\" data-wp-interactive=\"core\/image\" class=\"wp-block-image size-large wp-lightbox-container\"><img loading=\"lazy\" decoding=\"async\" width=\"1024\" height=\"611\" data-wp-class--hide=\"state.isContentHidden\" data-wp-class--show=\"state.isContentVisible\" data-wp-init=\"callbacks.setButtonStyles\" data-wp-on-async--click=\"actions.showLightbox\" data-wp-on-async--load=\"callbacks.setButtonStyles\" data-wp-on-async-window--resize=\"callbacks.setButtonStyles\" src=\"https:\/\/collegedetaaone.pf\/wp-content\/uploads\/2024\/03\/voie-dorientation-1-1024x611.png\" alt=\"\" class=\"wp-image-1278\" srcset=\"https:\/\/collegedetaaone.pf\/wp-content\/uploads\/2024\/03\/voie-dorientation-1-1024x611.png 1024w, https:\/\/collegedetaaone.pf\/wp-content\/uploads\/2024\/03\/voie-dorientation-1-300x179.png 300w, https:\/\/collegedetaaone.pf\/wp-content\/uploads\/2024\/03\/voie-dorientation-1-768x458.png 768w, https:\/\/collegedetaaone.pf\/wp-content\/uploads\/2024\/03\/voie-dorientation-1.png 1420w\" sizes=\"auto, (max-width: 1024px) 100vw, 1024px\" \/><button\n\t\t\tclass=\"lightbox-trigger\"\n\t\t\ttype=\"button\"\n\t\t\taria-haspopup=\"dialog\"\n\t\t\taria-label=\"Agrandir\"\n\t\t\tdata-wp-init=\"callbacks.initTriggerButton\"\n\t\t\tdata-wp-on-async--click=\"actions.showLightbox\"\n\t\t\tdata-wp-style--right=\"state.imageButtonRight\"\n\t\t\tdata-wp-style--top=\"state.imageButtonTop\"\n\t\t>\n\t\t\t<svg xmlns=\"http:\/\/www.w3.org\/2000\/svg\" width=\"12\" height=\"12\" fill=\"none\" viewBox=\"0 0 12 12\">\n\t\t\t\t<path fill=\"#fff\" d=\"M2 0a2 2 0 0 0-2 2v2h1.5V2a.5.5 0 0 1 .5-.5h2V0H2Zm2 10.5H2a.5.5 0 0 1-.5-.5V8H0v2a2 2 0 0 0 2 2h2v-1.5ZM8 12v-1.5h2a.5.5 0 0 0 .5-.5V8H12v2a2 2 0 0 1-2 2H8Zm2-12a2 2 0 0 1 2 2v2h-1.5V2a.5.5 0 0 0-.5-.5H8V0h2Z\" \/>\n\t\t\t<\/svg>\n\t\t<\/button><\/figure>\n\n\n\n<h4 class=\"wp-block-heading\">MODALIT\u00c9S D\u2019OBTENTION DE LA VOIE CHOISIE<\/h4>\n\n\n\n<p><strong>Voie professionnelle (1\u00e8re ann\u00e9e de CAP ou 2nde professionnelle) :<\/strong><\/p>\n\n\n\n<ol class=\"wp-block-list\">\n<li>le conseil de classe de fin d\u2019ann\u00e9e du coll\u00e8ge doit \u00e9mettre un&nbsp;<strong>avis favorable<\/strong>&nbsp;(et non r\u00e9serv\u00e9 ou d\u00e9favorable)&nbsp;<strong>\u00e0 partir de r\u00e9sultats scolaires en coh\u00e9rence avec la fili\u00e8re demand\u00e9e<\/strong>,<\/li>\n\n\n\n<li>la demande doit \u00eatre accept\u00e9e par le lyc\u00e9e professionnel.<\/li>\n<\/ol>\n\n\n\n<p><strong>Voie g\u00e9n\u00e9rale et technologique (2nde GT) :<\/strong><\/p>\n\n\n\n<ol class=\"wp-block-list\">\n<li>le conseil de classe de fin d\u2019ann\u00e9e du coll\u00e8ge doit \u00e9mettre un&nbsp;<strong>avis favorable<\/strong>&nbsp;(et non r\u00e9serv\u00e9 ou d\u00e9favorable) s\u2019il constate des&nbsp;<strong>efforts r\u00e9guliers dans le travail<\/strong>&nbsp;et des&nbsp;<strong>r\u00e9sultats solides<\/strong>,<\/li>\n\n\n\n<li>la demande sera alors automatiquement accept\u00e9e par le lyc\u00e9e g\u00e9n\u00e9ral et technologique (de secteur) si aucun autre v\u0153u n\u2019a \u00e9t\u00e9 effectu\u00e9.<\/li>\n<\/ol>\n\n\n\n<p><a href=\"https:\/\/www.clg-andre-malraux-06.ac-nice.fr\/wp-content\/uploads\/sites\/90\/2020\/02\/voie-dorientation.png\"><\/a><\/p>\n","protected":false},"excerpt":{"rendered":"<p>La 3e constitue un palier d\u2019orientation \u00e0 l\u2019issue duquel les voies peuvent \u00eatre sch\u00e9matis\u00e9es dans l\u2019illustration ci-dessous : MODALIT\u00c9S D\u2019OBTENTION DE LA VOIE CHOISIE Voie professionnelle (1\u00e8re ann\u00e9e de CAP ou 2nde professionnelle) : le conseil de classe de fin d\u2019ann\u00e9e du coll\u00e8ge doit \u00e9mettre un&nbsp;avis favorable&nbsp;(et non r\u00e9serv\u00e9 ou d\u00e9favorable)&nbsp;\u00e0 partir de r\u00e9sultats scolaires &hellip;<\/p>\n","protected":false},"author":1,"featured_media":0,"parent":1240,"menu_order":0,"comment_status":"closed","ping_status":"closed","template":"","meta":{"iawp_total_views":183,"footnotes":""},"class_list":["post-1248","page","type-page","status-publish","hentry"],"_links":{"self":[{"href":"https:\/\/collegedetaaone.pf\/index.php?rest_route=\/wp\/v2\/pages\/1248","targetHints":{"allow":["GET"]}}],"collection":[{"href":"https:\/\/collegedetaaone.pf\/index.php?rest_route=\/wp\/v2\/pages"}],"about":[{"href":"https:\/\/collegedetaaone.pf\/index.php?rest_route=\/wp\/v2\/types\/page"}],"author":[{"embeddable":true,"href":"https:\/\/collegedetaaone.pf\/index.php?rest_route=\/wp\/v2\/users\/1"}],"replies":[{"embeddable":true,"href":"https:\/\/collegedetaaone.pf\/index.php?rest_route=%2Fwp%2Fv2%2Fcomments&post=1248"}],"version-history":[{"count":4,"href":"https:\/\/collegedetaaone.pf\/index.php?rest_route=\/wp\/v2\/pages\/1248\/revisions"}],"predecessor-version":[{"id":1280,"href":"https:\/\/collegedetaaone.pf\/index.php?rest_route=\/wp\/v2\/pages\/1248\/revisions\/1280"}],"up":[{"embeddable":true,"href":"https:\/\/collegedetaaone.pf\/index.php?rest_route=\/wp\/v2\/pages\/1240"}],"wp:attachment":[{"href":"https:\/\/collegedetaaone.pf\/index.php?rest_route=%2Fwp%2Fv2%2Fmedia&parent=1248"}],"curies":[{"name":"wp","href":"https:\/\/api.w.org\/{rel}","templated":true}]}}