{"id":1253,"date":"2024-03-25T18:07:17","date_gmt":"2024-03-26T04:07:17","guid":{"rendered":"https:\/\/collegedetaaone.pf\/?page_id=1253"},"modified":"2024-03-27T05:36:35","modified_gmt":"2024-03-27T15:36:35","slug":"sinformer","status":"publish","type":"page","link":"https:\/\/collegedetaaone.pf\/?page_id=1253","title":{"rendered":"S&rsquo;informer"},"content":{"rendered":"\n<h4 class=\"wp-block-heading\">S\u2019INFORMER AU COLL\u00c8GE<\/h4>\n\n\n\n<p>Pour r\u00e9pondre \u00e0 vos questions ou vous accompagner dans votre orientation, vous trouverez au coll\u00e8ge de nombreuses personnes pour vous guider :<\/p>\n\n\n\n<ul class=\"wp-block-list\">\n<li><strong>Le Professeur Principal<\/strong>&nbsp;: il peut conseiller les \u00e9l\u00e8ves, recevoir ses parents ou demander \u00e0 les rencontrer et \u00e9ventuellement les aiguiller vers d\u2019autres personnes.<\/li>\n\n\n\n<li><strong>Le Conseiller Principal d\u2019Education (CPE)<\/strong>&nbsp;pourra faire le lien entre le Professeur Principal et la Psy-EN ou le CIO.<\/li>\n\n\n\n<li><strong>Le Professeur documentaliste (au CDI)&nbsp;<\/strong>aide les \u00e9l\u00e8ves dans leurs recherches sur les m\u00e9tiers et les formations envisag\u00e9es. Les \u00e9l\u00e8ves peuvent aller de leur propre initiative au CDI pour faire des recherches sur de nombreux supports : magazines, revues, sites internet, etc. <\/li>\n\n\n\n<li><strong>La Psychologue de l\u2019Education Nationale (PSY-En)&nbsp;<\/strong>aide les \u00e9l\u00e8ves \u00e0 construire leurs projets personnels d\u2019orientation scolaires et professionnels. Il leur fournit des informations, les aide \u00e0 choisir la voie qui leur conviendrait le mieux et \u00e0 \u00e9laborer votre projet de poursuite d\u2019\u00e9tudes en fonction de leur sensibilit\u00e9.<\/li>\n<\/ul>\n\n\n\n<p><\/p>\n\n\n\n<h4 class=\"wp-block-heading\">S\u2019INFORMER \u00c0 L\u2019EXT\u00c9RIEUR DU COLL\u00c8GE<\/h4>\n\n\n\n<ul class=\"wp-block-list\">\n<li><strong>Le Centre d\u2019Information et d\u2019Orientation (CIO)<\/strong>&nbsp;: il sert \u00e0 accueillir tout public et en priorit\u00e9 des jeunes scolaris\u00e9s et leur famille et peut conseiller de mani\u00e8re individuelle. Il fournit de l\u2019information sur les \u00e9tudes, les formations professionnelles, les qualifications et les professions. Coordonn\u00e9es \u00e0 consulter&nbsp;<a href=\"https:\/\/www.onisep.fr\/ressources\/univers-organisme-d-information\/organismes-d-information\/centre-d-information-et-d-orientation-de-pirae\" target=\"_blank\" rel=\"noreferrer noopener\">ici<\/a>.<\/li>\n\n\n\n<li><strong>Les \u00ab&nbsp;Journ\u00e9es Portes ouvertes&nbsp;\u00bb<\/strong>&nbsp;des lyc\u00e9es dont le calendrier est diffus\u00e9 chaque ann\u00e9e aux \u00e9l\u00e8ves et aux familles.<\/li>\n\n\n\n<li><strong>Les mini-stages en lyc\u00e9e :&nbsp;<\/strong>d\u2019une dur\u00e9e d\u2019une journ\u00e9e maximum, les \u00e9l\u00e8ves peuvent y observer le fonctionnement de la fili\u00e8re qui les int\u00e9resse pour faire avancer leur projet d\u2019orientation. A demander \u00e0 leur professeur principal, sans engagement.<\/li>\n<\/ul>\n\n\n\n<p><\/p>\n\n\n\n<h4 class=\"wp-block-heading\">S\u2019INFORMER SUR INTERNET<\/h4>\n\n\n\n<p>Le site de l&rsquo;Onisep qui regroupe toutes les ressources li\u00e9es \u00e0 l&rsquo;orientation :<\/p>\n\n\n\n<figure class=\"wp-block-image size-full is-resized\"><a href=\"https:\/\/www.onisep.fr\/\"><img loading=\"lazy\" decoding=\"async\" width=\"302\" height=\"90\" src=\"https:\/\/collegedetaaone.pf\/wp-content\/uploads\/2024\/03\/onisep-1.png\" alt=\"\" class=\"wp-image-1257\" style=\"width:201px;height:auto\" srcset=\"https:\/\/collegedetaaone.pf\/wp-content\/uploads\/2024\/03\/onisep-1.png 302w, https:\/\/collegedetaaone.pf\/wp-content\/uploads\/2024\/03\/onisep-1-300x89.png 300w\" sizes=\"auto, (max-width: 302px) 100vw, 302px\" \/><\/a><\/figure>\n\n\n\n<p>Le site Avenirs (de l&rsquo;Onisep) pour travailler son orientation :<\/p>\n\n\n\n<figure class=\"wp-block-image size-full is-resized\"><a href=\"https:\/\/avenirs.onisep.fr\/#pour-les-eleves\"><img loading=\"lazy\" decoding=\"async\" width=\"268\" height=\"76\" src=\"https:\/\/collegedetaaone.pf\/wp-content\/uploads\/2024\/03\/Avenirs.png\" alt=\"\" class=\"wp-image-1275\" style=\"width:204px;height:auto\"\/><\/a><\/figure>\n\n\n\n<p>Des conseillers sp\u00e9cialis\u00e9s pour r\u00e9pondre aux questions sur l&rsquo;orientation :<\/p>\n\n\n\n<figure class=\"wp-block-image size-full is-resized\"><a href=\"https:\/\/www.monorientationenligne.fr\/qr\/index.php\"><img loading=\"lazy\" decoding=\"async\" width=\"284\" height=\"82\" src=\"https:\/\/collegedetaaone.pf\/wp-content\/uploads\/2024\/03\/moel.png\" alt=\"\" class=\"wp-image-1255\" style=\"width:202px;height:auto\"\/><\/a><\/figure>\n\n\n\n<p>Le site Horizons 21e pour l&rsquo;apr\u00e8s 2nde g\u00e9n\u00e9rale et technologique :<\/p>\n\n\n\n<figure class=\"wp-block-image size-full\"><a href=\"https:\/\/www.horizons21.fr\/\"><img loading=\"lazy\" decoding=\"async\" width=\"317\" height=\"46\" src=\"https:\/\/collegedetaaone.pf\/wp-content\/uploads\/2024\/03\/horizons.png\" alt=\"\" class=\"wp-image-1260\" srcset=\"https:\/\/collegedetaaone.pf\/wp-content\/uploads\/2024\/03\/horizons.png 317w, https:\/\/collegedetaaone.pf\/wp-content\/uploads\/2024\/03\/horizons-300x44.png 300w\" sizes=\"auto, (max-width: 317px) 100vw, 317px\" \/><\/a><\/figure>\n\n\n\n<p>Le site de l&rsquo;Etudiant pour des informations g\u00e9n\u00e9rales sur les \u00e9tudes et les secteurs d&rsquo;activit\u00e9s :<\/p>\n\n\n\n<figure class=\"wp-block-image size-full\"><a href=\"https:\/\/www.letudiant.fr\/\"><img loading=\"lazy\" decoding=\"async\" width=\"153\" height=\"44\" src=\"https:\/\/collegedetaaone.pf\/wp-content\/uploads\/2024\/03\/Etudiant.png\" alt=\"\" class=\"wp-image-1256\" srcset=\"https:\/\/collegedetaaone.pf\/wp-content\/uploads\/2024\/03\/Etudiant.png 153w, https:\/\/collegedetaaone.pf\/wp-content\/uploads\/2024\/03\/Etudiant-150x44.png 150w\" sizes=\"auto, (max-width: 153px) 100vw, 153px\" \/><\/a><\/figure>\n","protected":false},"excerpt":{"rendered":"<p>S\u2019INFORMER AU COLL\u00c8GE Pour r\u00e9pondre \u00e0 vos questions ou vous accompagner dans votre orientation, vous trouverez au coll\u00e8ge de nombreuses personnes pour vous guider : Le Professeur Principal&nbsp;: il peut conseiller les \u00e9l\u00e8ves, recevoir ses parents ou demander \u00e0 les rencontrer et \u00e9ventuellement les aiguiller vers d\u2019autres personnes. Le Conseiller Principal d\u2019Education (CPE)&nbsp;pourra faire le &hellip;<\/p>\n","protected":false},"author":1,"featured_media":0,"parent":1240,"menu_order":2,"comment_status":"closed","ping_status":"closed","template":"","meta":{"iawp_total_views":136,"footnotes":""},"class_list":["post-1253","page","type-page","status-publish","hentry"],"_links":{"self":[{"href":"https:\/\/collegedetaaone.pf\/index.php?rest_route=\/wp\/v2\/pages\/1253","targetHints":{"allow":["GET"]}}],"collection":[{"href":"https:\/\/collegedetaaone.pf\/index.php?rest_route=\/wp\/v2\/pages"}],"about":[{"href":"https:\/\/collegedetaaone.pf\/index.php?rest_route=\/wp\/v2\/types\/page"}],"author":[{"embeddable":true,"href":"https:\/\/collegedetaaone.pf\/index.php?rest_route=\/wp\/v2\/users\/1"}],"replies":[{"embeddable":true,"href":"https:\/\/collegedetaaone.pf\/index.php?rest_route=%2Fwp%2Fv2%2Fcomments&post=1253"}],"version-history":[{"count":5,"href":"https:\/\/collegedetaaone.pf\/index.php?rest_route=\/wp\/v2\/pages\/1253\/revisions"}],"predecessor-version":[{"id":1277,"href":"https:\/\/collegedetaaone.pf\/index.php?rest_route=\/wp\/v2\/pages\/1253\/revisions\/1277"}],"up":[{"embeddable":true,"href":"https:\/\/collegedetaaone.pf\/index.php?rest_route=\/wp\/v2\/pages\/1240"}],"wp:attachment":[{"href":"https:\/\/collegedetaaone.pf\/index.php?rest_route=%2Fwp%2Fv2%2Fmedia&parent=1253"}],"curies":[{"name":"wp","href":"https:\/\/api.w.org\/{rel}","templated":true}]}}