{"id":2,"date":"2016-05-10T03:48:21","date_gmt":"2016-05-10T03:48:21","guid":{"rendered":"https:\/\/collegedetaaone.pf\/?page_id=2"},"modified":"2024-03-25T16:24:28","modified_gmt":"2024-03-26T02:24:28","slug":"sample-page","status":"publish","type":"page","link":"https:\/\/collegedetaaone.pf\/?page_id=2","title":{"rendered":"L&rsquo;association sportive (AS)"},"content":{"rendered":"<p>L&rsquo;association sportive est une association \u00e0 but non lucratif constitu\u00e9e au sein du coll\u00e8ge dans laquelle les \u00e9l\u00e8ves peuvent d\u00e9couvrir et pratiquer diverses activit\u00e9s sportives<\/p>\n<blockquote><p>Qui anime l&rsquo;association sportive ?<\/p><\/blockquote>\n<p>Les activit\u00e9s propos\u00e9es sont anim\u00e9es par les professeurs d&rsquo;EPS du coll\u00e8ge.<\/p>\n<ul>\n<li>Le principal en est le pr\u00e9sident<\/li>\n<li>Les professeurs d&rsquo;EPS remplissent les fonctions de tr\u00e9sorier et de secr\u00e9taire<\/li>\n<li>Les \u00e9l\u00e8ves sont membres de l&rsquo;association sportive et certains d&rsquo;entre eux participent \u00e0 la vie de l&rsquo;association en tant que secr\u00e9taire adjoint ou tr\u00e9sorier adjoint.<\/li>\n<\/ul>\n<blockquote><p>Pourquoi s&rsquo;inscrire \u00e0 l&rsquo;association sportive du coll\u00e8ge ?<\/p><\/blockquote>\n<p>Participer aux activit\u00e9s de l&rsquo;association sportive c&rsquo;est :<\/p>\n<ul>\n<li>Prendre du plaisir en venant faire du sport avec ses camardes<\/li>\n<li>Pratiquer des activit\u00e9s \u00e0 moindre co\u00fbt (1500F). La cotisation est valable toute l\u2019ann\u00e9e pour plusieurs activit\u00e9s.<\/li>\n<li>D\u00e9velopper ses comp\u00e9tences sportives par des entra\u00eenements r\u00e9guliers ou des comp\u00e9titions<\/li>\n<li>Se former au r\u00f4le de Jeune officiel\u00a0 en prenant ses responsabilit\u00e9s dans ces missions de juge, arbitre, organisateur, coach ou en devenant membre directeur de l&rsquo;association.<\/li>\n<li>Ouvrir le coll\u00e8ge vers l\u2019ext\u00e9rieur en rencontrant d\u2019autres \u00e9l\u00e8ves lors des comp\u00e9titions organis\u00e9es au sein du district (\u00e9tablissements scolaires dans une m\u00eame zone g\u00e9ographique) ou du territoire.<\/li>\n<li>Etre fair-play, apprendre les r\u00e8gles de vie collectives, s\u2019inscrire dans un projet collectif.<\/li>\n<\/ul>\n<blockquote><p>Quels engagements faut-il respecter ?<\/p><\/blockquote>\n<p>L\u2019inscription \u00e0 l&rsquo;association sportive est facultative, mais elle n\u00e9cessite l\u2019adh\u00e9sion des \u00e9l\u00e8ves licenci\u00e9s \u00e0 plusieurs r\u00e8gles\u00a0 afin de participer pleinement et s\u00e9rieusement \u00e0 la vie associative :<\/p>\n<ul>\n<li>Une participation r\u00e9guli\u00e8re et investie aux entra\u00eenements ou aux comp\u00e9titions tout au long de l\u2019ann\u00e9e dans l\u2019activit\u00e9 choisie. Pour cela un calendrier sera remis \u00e0 tous les \u00e9l\u00e8ves en d\u00e9but d\u2019ann\u00e9e pour s\u2019organiser au mieux.<\/li>\n<li>S\u2019informer en regardant sur le panneau d\u2019affichage de l&rsquo;association sportive pour tout changement horaires, dates et lieux de comp\u00e9titions.<\/li>\n<li>Garder \u00e0 l\u2019esprit qu\u2019\u00e0 chaque comp\u00e9tition, les \u00e9l\u00e8ves repr\u00e9sentent l\u2019image de leur \u00e9tablissement scolaire.<\/li>\n<li>S\u2019investir dans la formation des Jeunes officiels afin de poursuivre les comp\u00e9titions au plus haut niveau.<\/li>\n<li>Venir en tenue d\u2019EPS\u00a0: chaussures et v\u00eatements adapt\u00e9s \u00e0 la pratique, gourde d\u2019eau.<\/li>\n<li>Respecter le mat\u00e9riel et en prendre soin.<\/li>\n<\/ul>\n<blockquote><p>Comment s&rsquo;inscrire \u00e0 l&rsquo;association sportive du coll\u00e8ge Taaone<\/p><\/blockquote>\n<p>Un bulletin d&rsquo;inscription est diffus\u00e9 \u00e0 l&rsquo;ensemble des \u00e9l\u00e8ves en d\u00e9but d&rsquo;ann\u00e9e. Il recense les activit\u00e9s propos\u00e9es, les modalit\u00e9s d&rsquo;inscription ainsi que les cr\u00e9neaux de pratique (lieu, horaires, type de d\u00e9placement, etc.).<\/p>\n","protected":false},"excerpt":{"rendered":"<p>L&rsquo;association sportive est une association \u00e0 but non lucratif constitu\u00e9e au sein du coll\u00e8ge dans laquelle les \u00e9l\u00e8ves peuvent d\u00e9couvrir et pratiquer diverses activit\u00e9s sportives Qui anime l&rsquo;association sportive ? Les activit\u00e9s propos\u00e9es sont anim\u00e9es par les professeurs d&rsquo;EPS du coll\u00e8ge. Le principal en est le pr\u00e9sident Les professeurs d&rsquo;EPS remplissent les fonctions de tr\u00e9sorier &hellip;<\/p>\n","protected":false},"author":1,"featured_media":0,"parent":1087,"menu_order":0,"comment_status":"closed","ping_status":"closed","template":"","meta":{"iawp_total_views":159,"footnotes":""},"class_list":["post-2","page","type-page","status-publish","hentry"],"_links":{"self":[{"href":"https:\/\/collegedetaaone.pf\/index.php?rest_route=\/wp\/v2\/pages\/2","targetHints":{"allow":["GET"]}}],"collection":[{"href":"https:\/\/collegedetaaone.pf\/index.php?rest_route=\/wp\/v2\/pages"}],"about":[{"href":"https:\/\/collegedetaaone.pf\/index.php?rest_route=\/wp\/v2\/types\/page"}],"author":[{"embeddable":true,"href":"https:\/\/collegedetaaone.pf\/index.php?rest_route=\/wp\/v2\/users\/1"}],"replies":[{"embeddable":true,"href":"https:\/\/collegedetaaone.pf\/index.php?rest_route=%2Fwp%2Fv2%2Fcomments&post=2"}],"version-history":[{"count":2,"href":"https:\/\/collegedetaaone.pf\/index.php?rest_route=\/wp\/v2\/pages\/2\/revisions"}],"predecessor-version":[{"id":1102,"href":"https:\/\/collegedetaaone.pf\/index.php?rest_route=\/wp\/v2\/pages\/2\/revisions\/1102"}],"up":[{"embeddable":true,"href":"https:\/\/collegedetaaone.pf\/index.php?rest_route=\/wp\/v2\/pages\/1087"}],"wp:attachment":[{"href":"https:\/\/collegedetaaone.pf\/index.php?rest_route=%2Fwp%2Fv2%2Fmedia&parent=2"}],"curies":[{"name":"wp","href":"https:\/\/api.w.org\/{rel}","templated":true}]}}